{"id":213,"date":"2017-03-03T08:47:14","date_gmt":"2017-03-03T08:47:14","guid":{"rendered":"https:\/\/qreport.com\/ca\/?page_id=213"},"modified":"2017-04-07T11:47:10","modified_gmt":"2017-04-07T11:47:10","slug":"inici","status":"publish","type":"page","link":"https:\/\/qreport.com\/ca\/","title":{"rendered":"Inici"},"content":{"rendered":"<div class=\"wpb-content-wrapper\">[mk_page_section bg_image=&#8221;https:\/\/qreport.com\/wp-content\/uploads\/informes-radiologicos-en-tu-mano.jpg&#8221; bg_position=&#8221;center center&#8221; bg_repeat=&#8221;no-repeat&#8221; bg_stretch=&#8221;true&#8221; video_loop=&#8221;false&#8221; video_color_mask=&#8221;#4c4c4c&#8221; min_height=&#8221;700&#8243; js_vertical_centered=&#8221;true&#8221; padding_top=&#8221;0&#8243; padding_bottom=&#8221;0&#8243; sidebar=&#8221;sidebar-1&#8243;][vc_column][vc_column_text]\n<h1 style=\"text-align: center;\"><span style=\"color: #ffffff;\">Lliurament Resultats Radiol\u00f3gics on line<\/span><\/h1>\n[\/vc_column_text][vc_row_inner][vc_column_inner width=&#8221;1\/3&#8243; offset=&#8221;vc_col-sm-offset-4&#8243;]<div id=\"modal-trg-txt-wrap-2091\" class=\"ult-modal-input-wrapper ult-adjust-bottom-margin boton-modal   \" data-keypress-control=\"keypress-control-enable\" data-overlay-control=\"overlay-control-enable\"><button  data-ultimate-target='#modal-trg-txt-wrap-2091 .btn-modal'  data-responsive-json-new='{\"font-size\":\"\",\"line-height\":\"\"}'  style=\"background:#333333;border-color:#333333;color:#FFFFFF; \" data-class-id=\"content-69e06b49e5ef87-83835944\" class=\"btn-modal ult-responsive btn-primary btn-modal-sm overlay-show ult-align-center btn-id-69e06b49e5ef87-83835944\" data-overlay-class=\"overlay-cornerbottomleft\">T'ho expliquem en un v\u00eddeo<\/button><\/div>\n<div class=\"ult-overlay content-69e06b49e5ef87-83835944 \" data-class=\"content-69e06b49e5ef87-83835944\" id=\"button-click-overlay\" style=\"background:rgba(51,51,51,0.8); display:none;\">\n\t<div class=\"ult_modal ult-fade ult-medium\">\n\t\t<div id=\"ult-modal-wrap-98\" class=\"ult_modal-content ult-hide\" style=\"border-style:solid;border-width:2px;border-radius:0px;border-color:#333333;\">\n\t\t\t<div  data-ultimate-target='#ult-modal-wrap-98 .ult_modal-body'  data-responsive-json-new='{\"font-size\":\"\",\"line-height\":\"\"}'  class=\"ult_modal-body ult-responsive ult-vimeo\" style=\"\">\n\t\t\t<iframe loading=\"lazy\" src=\"https:\/\/player.vimeo.com\/video\/198061183\" width=\"640\" height=\"360\" frameborder=\"0\" allowfullscreen=\"allowfullscreen\" data-mce-fragment=\"1\"><\/iframe><\/p>\n<p><a href=\"https:\/\/vimeo.com\/198061183\">Qualitas Report<\/a> from <a href=\"https:\/\/vimeo.com\/user60522782\">IBERORAD<\/a> on <a href=\"https:\/\/vimeo.com\">Vimeo<\/a>.\n\t\t\t<\/div>\n\t<\/div>\n\t<\/div>\n\t<div class=\"ult-overlay-close top-right\" style=\" \"><div class=\"ult-overlay-close-inside\">Close<\/div><\/div>\n<\/div>[\/vc_column_inner][\/vc_row_inner][\/vc_column][\/mk_page_section][mk_page_section min_height=&#8221;150&#8243; sidebar=&#8221;sidebar-1&#8243;][vc_column][vc_empty_space height=&#8221;50px&#8221;][vc_row_inner][vc_column_inner width=&#8221;1\/4&#8243;][vc_column_text]\n<h3>M\u00e9s Econ\u00f2mic<\/h3>\n[\/vc_column_text][vc_column_text]90% m\u00e9s econ\u00f2mic que les plaques tradicionals i un 50% m\u00e9s econ\u00f2mic que els DVD[\/vc_column_text][\/vc_column_inner][vc_column_inner width=&#8221;1\/4&#8243;][vc_column_text]\n<h3>M\u00e9s C\u00f2mode<\/h3>\n[\/vc_column_text][vc_column_text]El pacient no ha de despla\u00e7ar-se i el metge tindr\u00e0 l&#8217;informe en qualsevol dispositiu[\/vc_column_text][\/vc_column_inner][vc_column_inner width=&#8221;1\/4&#8243;][vc_column_text]\n<h3>M\u00e9s Ecol\u00f2gic<\/h3>\n[\/vc_column_text][vc_column_text]Sistema respectu\u00f3s amb el medi ambient, evitant l&#8217;emissi\u00f3 de residus altament contaminants[\/vc_column_text][\/vc_column_inner][vc_column_inner width=&#8221;1\/4&#8243;][vc_column_text]\n<h3>M\u00e9s efica\u00e7<\/h3>\n[\/vc_column_text][vc_column_text]El 30% dels DVD estan defectuosos i m\u00e9s del 70% dels ordinadors no els llegeixen correctament[\/vc_column_text][\/vc_column_inner][\/vc_row_inner][vc_empty_space height=&#8221;50px&#8221;][\/vc_column][\/mk_page_section][mk_page_section layout_structure=&#8221;half_left&#8221; bg_image=&#8221;https:\/\/qreport.com\/wp-content\/uploads\/conecta-tu-centro-al-futuro.jpg&#8221; bg_color=&#8221;#336699&#8243; bg_stretch=&#8221;true&#8221; min_height=&#8221;400&#8243; js_vertical_centered=&#8221;true&#8221; el_class=&#8221;imagen-mano&#8221;][vc_column][vc_column_text]\n<h2><span style=\"color: #ffffff;\">Connecta el teu centre i el teu hospital al futur<\/span><\/h2>\n[\/vc_column_text][mk_divider style=&#8221;thin_solid&#8221; thin_single_color=&#8221;#ffcc33&#8243; margin_top=&#8221;10&#8243;][vc_column_text]\n<ul>\n<li class=\"li1\"><span style=\"color: #ffffff;\">Cost variable: Un 70% m\u00e9s barat que les plaques tradicionals.<\/span><\/li>\n<li class=\"li1\"><span style=\"color: #ffffff;\">Assessorament de servidors i sistemes PACS<\/span><\/li>\n<li class=\"li1\"><span style=\"color: #ffffff;\">Metges i pacients accedeixen de forma immediata als resultats<\/span><\/li>\n<li class=\"li1\"><span style=\"color: #ffffff;\">Consulta immediata, metges connectats amb els radi\u00f2legs<\/span><\/li>\n<\/ul>\n[\/vc_column_text][\/vc_column][\/mk_page_section][mk_page_section layout_structure=&#8221;half_right&#8221; bg_image=&#8221;https:\/\/qreport.com\/wp-content\/uploads\/unatecnologia-fiable.jpg&#8221; bg_color=&#8221;#336699&#8243; bg_stretch=&#8221;true&#8221; min_height=&#8221;400&#8243; js_vertical_centered=&#8221;true&#8221;][vc_column][vc_column_text]\n<h2><span style=\"color: #ffffff;\">Una tecnologia fiable i d&#8217;\u00faltima generaci\u00f3<\/span><\/h2>\n[\/vc_column_text][mk_divider style=&#8221;thin_solid&#8221; thin_single_color=&#8221;#ffcc33&#8243; margin_top=&#8221;10&#8243;][vc_column_text]\n<ul>\n<li class=\"li1\"><span style=\"color: #ffffff;\">100% segur.\u00a0Sistema de dades encriptat<\/span><\/li>\n<li class=\"li1\"><span style=\"color: #ffffff;\">Compleix amb la LOPD<\/span><\/li>\n<li class=\"li1\"><span style=\"color: #ffffff;\">Nom\u00e9s necessites una connexi\u00f3 a internet<\/span><\/li>\n<li class=\"li1\"><span style=\"color: #ffffff;\">Av\u00eds mitjan\u00e7ant SMS al pacient<\/span><\/li>\n<li class=\"li1\"><span style=\"color: #ffffff;\">Sense necessitat de canviar de PACS<\/span><\/li>\n<\/ul>\n[\/vc_column_text][\/vc_column][\/mk_page_section][mk_page_section sidebar=&#8221;sidebar-1&#8243;][vc_column][vc_empty_space height=&#8221;50px&#8221;][vc_column_text]\n<h2 style=\"text-align: center;\"><span style=\"color: #336699;\">Un programa dissenyat per un equip m\u00e8dic<\/span><\/h2>\n[\/vc_column_text][vc_row_inner][vc_column_inner width=&#8221;2\/3&#8243; offset=&#8221;vc_col-lg-offset-2 vc_col-md-offset-2 vc_col-sm-offset-2&#8243;][vc_column_text]\n<p style=\"text-align: center;\">Qreport ha estat desenvolupat per Iberorad, empresa formada per professionals amb m\u00e9s de 15 anys d&#8217;experi\u00e8ncia en teleradiologia.\u00a0La plataforma ha estat creada atenent a les necessitats dels centres, metges referents i pacients.<\/p>\n[\/vc_column_text][\/vc_column_inner][\/vc_row_inner][vc_empty_space height=&#8221;10px&#8221;][mk_button dimension=&#8221;flat&#8221; size=&#8221;medium&#8221; url=&#8221;\/contacto\/&#8221; align=&#8221;center&#8221; el_class=&#8221;boton-acceso&#8221; bg_color=&#8221;#336699&#8243; btn_hover_bg=&#8221;rgba(51,102,153,0.8)&#8221; btn_hover_txt_color=&#8221;#ffffff&#8221;]Contacta amb nosaltres[\/mk_button][\/vc_column][\/mk_page_section][mk_page_section bg_color=&#8221;#f7f7f7&#8243; sidebar=&#8221;sidebar-1&#8243;][vc_column][vc_empty_space height=&#8221;50px&#8221;][vc_column_text]\n<h2 style=\"text-align: center;\"><span style=\"color: #336699;\">Testimonis<\/span><\/h2>\n[\/vc_column_text][vc_row_inner][vc_column_inner width=&#8221;5\/6&#8243; offset=&#8221;vc_col-lg-offset-1 vc_col-md-offset-1 vc_col-sm-offset-1&#8243;][mk_testimonials style=&#8221;modern&#8221;][\/vc_column_inner][\/vc_row_inner][vc_empty_space height=&#8221;10px&#8221;][\/vc_column][\/mk_page_section]\n<\/div>","protected":false},"excerpt":{"rendered":"<p>[mk_page_section bg_image=&#8221;https:\/\/qreport.com\/wp-content\/uploads\/informes-radiologicos-en-tu-mano.jpg&#8221; bg_position=&#8221;center center&#8221; bg_repeat=&#8221;no-repeat&#8221; bg_stretch=&#8221;true&#8221; video_loop=&#8221;false&#8221; video_color_mask=&#8221;#4c4c4c&#8221; min_height=&#8221;700&#8243; js_vertical_centered=&#8221;true&#8221; padding_top=&#8221;0&#8243; padding_bottom=&#8221;0&#8243; sidebar=&#8221;sidebar-1&#8243;][vc_column][vc_column_text] Lliurament Resultats Radiol\u00f3gics on line [\/vc_column_text][vc_row_inner][vc_column_inner width=&#8221;1\/3&#8243; offset=&#8221;vc_col-sm-offset-4&#8243;][\/vc_column_inner][\/vc_row_inner][\/vc_column][\/mk_page_section][mk_page_section min_height=&#8221;150&#8243; sidebar=&#8221;sidebar-1&#8243;][vc_column][vc_empty_space height=&#8221;50px&#8221;][vc_row_inner][vc_column_inner width=&#8221;1\/4&#8243;][vc_column_text] M\u00e9s Econ\u00f2mic [\/vc_column_text][vc_column_text]90% m\u00e9s econ\u00f2mic que les plaques tradicionals i un 50% m\u00e9s econ\u00f2mic que els DVD[\/vc_column_text][\/vc_column_inner][vc_column_inner width=&#8221;1\/4&#8243;][vc_column_text] M\u00e9s C\u00f2mode [\/vc_column_text][vc_column_text]El pacient no ha de despla\u00e7ar-se i el metge tindr\u00e0 [&hellip;]<\/p>\n","protected":false},"author":1,"featured_media":0,"parent":0,"menu_order":0,"comment_status":"closed","ping_status":"closed","template":"","meta":{"footnotes":""},"class_list":["post-213","page","type-page","status-publish","hentry"],"yoast_head":"<!-- This site is optimized with the Yoast SEO plugin v24.1 - https:\/\/yoast.com\/wordpress\/plugins\/seo\/ -->\n<title>Inici - QReport<\/title>\n<meta name=\"description\" content=\"Lliurament Resultats Radiol\u00f3gics on line. Connecta el teu centre i el teu hospital al futur. Un programa dissenyat per un equip m\u00e8dic.\" \/>\n<meta name=\"robots\" content=\"index, follow, max-snippet:-1, max-image-preview:large, max-video-preview:-1\" \/>\n<link rel=\"canonical\" href=\"https:\/\/qreport.com\/ca\/\" \/>\n<meta property=\"og:locale\" content=\"ca_ES\" \/>\n<meta property=\"og:type\" content=\"article\" \/>\n<meta property=\"og:title\" content=\"Inici - QReport\" \/>\n<meta property=\"og:description\" content=\"Lliurament Resultats Radiol\u00f3gics on line. Connecta el teu centre i el teu hospital al futur. Un programa dissenyat per un equip m\u00e8dic.\" \/>\n<meta property=\"og:url\" content=\"https:\/\/qreport.com\/ca\/\" \/>\n<meta property=\"og:site_name\" content=\"QReport\" \/>\n<meta property=\"article:modified_time\" content=\"2017-04-07T11:47:10+00:00\" \/>\n<meta name=\"twitter:card\" content=\"summary_large_image\" \/>\n<meta name=\"twitter:label1\" content=\"Temps estimat de lectura\" \/>\n\t<meta name=\"twitter:data1\" content=\"3 minuts\" \/>\n<script type=\"application\/ld+json\" class=\"yoast-schema-graph\">{\"@context\":\"https:\/\/schema.org\",\"@graph\":[{\"@type\":\"WebPage\",\"@id\":\"https:\/\/qreport.com\/ca\/\",\"url\":\"https:\/\/qreport.com\/ca\/\",\"name\":\"Inici - QReport\",\"isPartOf\":{\"@id\":\"https:\/\/qreport.com\/#website\"},\"datePublished\":\"2017-03-03T08:47:14+00:00\",\"dateModified\":\"2017-04-07T11:47:10+00:00\",\"description\":\"Lliurament Resultats Radiol\u00f3gics on line. Connecta el teu centre i el teu hospital al futur. Un programa dissenyat per un equip m\u00e8dic.\",\"breadcrumb\":{\"@id\":\"https:\/\/qreport.com\/ca\/#breadcrumb\"},\"inLanguage\":\"ca\",\"potentialAction\":[{\"@type\":\"ReadAction\",\"target\":[\"https:\/\/qreport.com\/ca\/\"]}]},{\"@type\":\"BreadcrumbList\",\"@id\":\"https:\/\/qreport.com\/ca\/#breadcrumb\",\"itemListElement\":[{\"@type\":\"ListItem\",\"position\":1,\"name\":\"Portada\",\"item\":\"https:\/\/qreport.com\/ca\/\"},{\"@type\":\"ListItem\",\"position\":2,\"name\":\"Inici\"}]},{\"@type\":\"WebSite\",\"@id\":\"https:\/\/qreport.com\/#website\",\"url\":\"https:\/\/qreport.com\/\",\"name\":\"QReport\",\"description\":\"Servicio de informes radiol\u00f3gicos online\",\"potentialAction\":[{\"@type\":\"SearchAction\",\"target\":{\"@type\":\"EntryPoint\",\"urlTemplate\":\"https:\/\/qreport.com\/?s={search_term_string}\"},\"query-input\":{\"@type\":\"PropertyValueSpecification\",\"valueRequired\":true,\"valueName\":\"search_term_string\"}}],\"inLanguage\":\"ca\"}]}<\/script>\n<!-- \/ Yoast SEO plugin. -->","yoast_head_json":{"title":"Inici - QReport","description":"Lliurament Resultats Radiol\u00f3gics on line. Connecta el teu centre i el teu hospital al futur. Un programa dissenyat per un equip m\u00e8dic.","robots":{"index":"index","follow":"follow","max-snippet":"max-snippet:-1","max-image-preview":"max-image-preview:large","max-video-preview":"max-video-preview:-1"},"canonical":"https:\/\/qreport.com\/ca\/","og_locale":"ca_ES","og_type":"article","og_title":"Inici - QReport","og_description":"Lliurament Resultats Radiol\u00f3gics on line. Connecta el teu centre i el teu hospital al futur. Un programa dissenyat per un equip m\u00e8dic.","og_url":"https:\/\/qreport.com\/ca\/","og_site_name":"QReport","article_modified_time":"2017-04-07T11:47:10+00:00","twitter_card":"summary_large_image","twitter_misc":{"Temps estimat de lectura":"3 minuts"},"schema":{"@context":"https:\/\/schema.org","@graph":[{"@type":"WebPage","@id":"https:\/\/qreport.com\/ca\/","url":"https:\/\/qreport.com\/ca\/","name":"Inici - QReport","isPartOf":{"@id":"https:\/\/qreport.com\/#website"},"datePublished":"2017-03-03T08:47:14+00:00","dateModified":"2017-04-07T11:47:10+00:00","description":"Lliurament Resultats Radiol\u00f3gics on line. Connecta el teu centre i el teu hospital al futur. Un programa dissenyat per un equip m\u00e8dic.","breadcrumb":{"@id":"https:\/\/qreport.com\/ca\/#breadcrumb"},"inLanguage":"ca","potentialAction":[{"@type":"ReadAction","target":["https:\/\/qreport.com\/ca\/"]}]},{"@type":"BreadcrumbList","@id":"https:\/\/qreport.com\/ca\/#breadcrumb","itemListElement":[{"@type":"ListItem","position":1,"name":"Portada","item":"https:\/\/qreport.com\/ca\/"},{"@type":"ListItem","position":2,"name":"Inici"}]},{"@type":"WebSite","@id":"https:\/\/qreport.com\/#website","url":"https:\/\/qreport.com\/","name":"QReport","description":"Servicio de informes radiol\u00f3gicos online","potentialAction":[{"@type":"SearchAction","target":{"@type":"EntryPoint","urlTemplate":"https:\/\/qreport.com\/?s={search_term_string}"},"query-input":{"@type":"PropertyValueSpecification","valueRequired":true,"valueName":"search_term_string"}}],"inLanguage":"ca"}]}},"_links":{"self":[{"href":"https:\/\/qreport.com\/ca\/wp-json\/wp\/v2\/pages\/213","targetHints":{"allow":["GET"]}}],"collection":[{"href":"https:\/\/qreport.com\/ca\/wp-json\/wp\/v2\/pages"}],"about":[{"href":"https:\/\/qreport.com\/ca\/wp-json\/wp\/v2\/types\/page"}],"author":[{"embeddable":true,"href":"https:\/\/qreport.com\/ca\/wp-json\/wp\/v2\/users\/1"}],"replies":[{"embeddable":true,"href":"https:\/\/qreport.com\/ca\/wp-json\/wp\/v2\/comments?post=213"}],"version-history":[{"count":8,"href":"https:\/\/qreport.com\/ca\/wp-json\/wp\/v2\/pages\/213\/revisions"}],"predecessor-version":[{"id":292,"href":"https:\/\/qreport.com\/ca\/wp-json\/wp\/v2\/pages\/213\/revisions\/292"}],"wp:attachment":[{"href":"https:\/\/qreport.com\/ca\/wp-json\/wp\/v2\/media?parent=213"}],"curies":[{"name":"wp","href":"https:\/\/api.w.org\/{rel}","templated":true}]}}