{"id":225,"date":"2017-03-03T09:30:44","date_gmt":"2017-03-03T09:30:44","guid":{"rendered":"https:\/\/qreport.com\/ca\/?page_id=225"},"modified":"2017-03-29T11:46:19","modified_gmt":"2017-03-29T11:46:19","slug":"com-ho-fem","status":"publish","type":"page","link":"https:\/\/qreport.com\/ca\/com-ho-fem\/","title":{"rendered":"Com ho fem"},"content":{"rendered":"<div class=\"wpb-content-wrapper\">[mk_page_section bg_image=&#8221;https:\/\/qreport.com\/wp-content\/uploads\/como-lo-hacemos.jpg&#8221; bg_stretch=&#8221;true&#8221; video_color_mask=&#8221;#000000&#8243; min_height=&#8221;400&#8243; js_vertical_centered=&#8221;true&#8221; sidebar=&#8221;sidebar-1&#8243;][vc_column][vc_column_text]\n<h2 style=\"text-align: center;\"><span style=\"color: #ffffff;\">Com ho fem<\/span><\/h2>\n[\/vc_column_text][mk_divider style=&#8221;thin_solid&#8221; thin_single_color=&#8221;#ffcc33&#8243; margin_top=&#8221;10&#8243;][vc_row_inner][vc_column_inner width=&#8221;2\/3&#8243; offset=&#8221;vc_col-lg-offset-2 vc_col-md-offset-2 vc_col-sm-offset-2&#8243;][vc_column_text]\n<h6 class=\"p1\" style=\"text-align: center;\"><span style=\"color: #ffffff;\">Obtenir el servei de recollida de resultats QREPORT per al seu centre \u00e9s un proc\u00e9s simple.<\/span><\/h6>\n<h6 class=\"p1\" style=\"text-align: center;\"><span style=\"color: #ffffff;\">Li enviem el servidor necessari i l&#8217;assessorem per escollir les modalitats o sistema PACS.<\/span><\/h6>\n[\/vc_column_text][\/vc_column_inner][\/vc_row_inner][\/vc_column][\/mk_page_section][mk_page_section bg_color=&#8221;#f9f9f9&#8243; sidebar=&#8221;sidebar-1&#8243;][vc_column][vc_row_inner][vc_column_inner el_class=&#8221;quienes-somos&#8221;][vc_empty_space height=&#8221;80px&#8221;][vc_column_text]\n<h4 style=\"text-align: left;\">\u00bfQuin tipus de seguretat incorpora QREPORT?<\/h4>\n<p class=\"p1\">La nostra plataforma incorpora potents sistemes de xifrat i encriptaci\u00f3 per garantir la confidencialitat de les dades emmagatzemades.\u00a0La plataforma\u00a0<strong>QREPORT<\/strong>\u00a0compleix amb els requisits de la LOPD.<\/p>\n<p>&nbsp;<\/p>\n<h4>\u00bfQuin tipus de l\u00ednia de dades necessita el meu centre?<\/h4>\n<p class=\"p1\">Amb una l\u00ednia de dades ADSL \u00e9s suficient.\u00a0L\u00f2gicament a major velocitat de pujada de dades, m\u00e9s r\u00e0pid podr\u00e0 pujar els estudis als nostres servidors.<\/p>\n<p>&nbsp;<\/p>\n<h4>\u00bfTots els estudis s&#8217;han de enviar a QREPORT?<\/h4>\n<p class=\"p1\">No, els pacients trien si volen recollir els resultats de la forma tradicional (despla\u00e7ant-se al centre) o utilitzar el sistema\u00a0<strong>QREPORT<\/strong>.<\/p>\n<p>&nbsp;<\/p>\n<h4>\u00bfCom puc donar acc\u00e9s a un metge referent per veure els seus estudis?<\/h4>\n<p class=\"p1\">Si necessita activar l&#8217;acc\u00e9s a un metge referent, ha de trametre la sol\u00b7licitud a\u00a0<strong>QREPORT<\/strong>\u00a0i el nostre personal s&#8217;encarregar\u00e0 de crear l&#8217;usuari.\u00a0El metge referent ha d&#8217;emplenar i signar un document de confidencialitat.<\/p>\n<p>&nbsp;<\/p>\n<h4>\u00bfQuant costa el servei?<\/h4>\n<p><strong>QREPORT\u00a0<\/strong>factura per estudi pujat i el seu preu varia en funci\u00f3 de la mida en megabytes de l&#8217;estudi.\u00a0El cost \u00e9s aproximadament un 90% m\u00e9s econ\u00f2mic que el lliurament de plaques i un 50% m\u00e9s econ\u00f2mic que el lliurament en DVD.<\/p>\n<p>&nbsp;<\/p>\n<h4>\u00bfDurant quant temps estan disponibles els estudis en QREPORT?<\/h4>\n<p><strong>QREPORT<\/strong>\u00a0mant\u00e9 durant 3 anys els estudis.\u00a0Donem l&#8217;opci\u00f3 al centre de mantenir durant m\u00e9s temps els estudis al servidor.<\/p>\n<p>&nbsp;<\/p>\n<h4>\u00bfCom aviso al pacient de la disponibilitat dels seus informes?<\/h4>\n<p><strong>QREPORT <\/strong>incorpora un sistema d&#8217;av\u00eds mitjan\u00e7ant SMS i email.<\/p>\n<p>&nbsp;<\/p>\n<p class=\"p1\">Si t\u00e9 qualsevol dubte envieu un email a\u00a0<strong>qreport@iberorad.com<\/strong>,\u00a0estarem encantats d\u2019ajudar-vos.<\/p>\n[\/vc_column_text][vc_empty_space height=&#8221;80px&#8221;][\/vc_column_inner][\/vc_row_inner][\/vc_column][\/mk_page_section]\n<\/div>","protected":false},"excerpt":{"rendered":"<p>[mk_page_section bg_image=&#8221;https:\/\/qreport.com\/wp-content\/uploads\/como-lo-hacemos.jpg&#8221; bg_stretch=&#8221;true&#8221; video_color_mask=&#8221;#000000&#8243; min_height=&#8221;400&#8243; js_vertical_centered=&#8221;true&#8221; sidebar=&#8221;sidebar-1&#8243;][vc_column][vc_column_text] Com ho fem [\/vc_column_text][mk_divider style=&#8221;thin_solid&#8221; thin_single_color=&#8221;#ffcc33&#8243; margin_top=&#8221;10&#8243;][vc_row_inner][vc_column_inner width=&#8221;2\/3&#8243; offset=&#8221;vc_col-lg-offset-2 vc_col-md-offset-2 vc_col-sm-offset-2&#8243;][vc_column_text] Obtenir el servei de recollida de resultats QREPORT per al seu centre \u00e9s un proc\u00e9s simple. Li enviem el servidor necessari i l&#8217;assessorem per escollir les modalitats o sistema PACS. [\/vc_column_text][\/vc_column_inner][\/vc_row_inner][\/vc_column][\/mk_page_section][mk_page_section bg_color=&#8221;#f9f9f9&#8243; sidebar=&#8221;sidebar-1&#8243;][vc_column][vc_row_inner][vc_column_inner el_class=&#8221;quienes-somos&#8221;][vc_empty_space height=&#8221;80px&#8221;][vc_column_text] \u00bfQuin tipus [&hellip;]<\/p>\n","protected":false},"author":1,"featured_media":0,"parent":0,"menu_order":0,"comment_status":"closed","ping_status":"closed","template":"","meta":{"footnotes":""},"class_list":["post-225","page","type-page","status-publish","hentry"],"yoast_head":"<!-- This site is optimized with the Yoast SEO plugin v24.1 - https:\/\/yoast.com\/wordpress\/plugins\/seo\/ -->\n<title>Com ho fem - QReport<\/title>\n<meta name=\"robots\" content=\"index, follow, max-snippet:-1, max-image-preview:large, max-video-preview:-1\" \/>\n<link rel=\"canonical\" href=\"https:\/\/qreport.com\/ca\/com-ho-fem\/\" \/>\n<meta property=\"og:locale\" content=\"ca_ES\" \/>\n<meta property=\"og:type\" content=\"article\" \/>\n<meta property=\"og:title\" content=\"Com ho fem - QReport\" \/>\n<meta property=\"og:description\" content=\"[mk_page_section bg_image=&#8221;https:\/\/qreport.com\/wp-content\/uploads\/como-lo-hacemos.jpg&#8221; bg_stretch=&#8221;true&#8221; video_color_mask=&#8221;#000000&#8243; min_height=&#8221;400&#8243; js_vertical_centered=&#8221;true&#8221; sidebar=&#8221;sidebar-1&#8243;][vc_column][vc_column_text] Com ho fem [\/vc_column_text][mk_divider style=&#8221;thin_solid&#8221; thin_single_color=&#8221;#ffcc33&#8243; margin_top=&#8221;10&#8243;][vc_row_inner][vc_column_inner width=&#8221;2\/3&#8243; offset=&#8221;vc_col-lg-offset-2 vc_col-md-offset-2 vc_col-sm-offset-2&#8243;][vc_column_text] Obtenir el servei de recollida de resultats QREPORT per al seu centre \u00e9s un proc\u00e9s simple. Li enviem el servidor necessari i l&#8217;assessorem per escollir les modalitats o sistema PACS. [\/vc_column_text][\/vc_column_inner][\/vc_row_inner][\/vc_column][\/mk_page_section][mk_page_section bg_color=&#8221;#f9f9f9&#8243; sidebar=&#8221;sidebar-1&#8243;][vc_column][vc_row_inner][vc_column_inner el_class=&#8221;quienes-somos&#8221;][vc_empty_space height=&#8221;80px&#8221;][vc_column_text] \u00bfQuin tipus [&hellip;]\" \/>\n<meta property=\"og:url\" content=\"https:\/\/qreport.com\/ca\/com-ho-fem\/\" \/>\n<meta property=\"og:site_name\" content=\"QReport\" \/>\n<meta property=\"article:modified_time\" content=\"2017-03-29T11:46:19+00:00\" \/>\n<meta name=\"twitter:card\" content=\"summary_large_image\" \/>\n<meta name=\"twitter:label1\" content=\"Temps estimat de lectura\" \/>\n\t<meta name=\"twitter:data1\" content=\"2 minuts\" \/>\n<script type=\"application\/ld+json\" class=\"yoast-schema-graph\">{\"@context\":\"https:\/\/schema.org\",\"@graph\":[{\"@type\":\"WebPage\",\"@id\":\"https:\/\/qreport.com\/ca\/com-ho-fem\/\",\"url\":\"https:\/\/qreport.com\/ca\/com-ho-fem\/\",\"name\":\"Com ho fem - QReport\",\"isPartOf\":{\"@id\":\"https:\/\/qreport.com\/#website\"},\"datePublished\":\"2017-03-03T09:30:44+00:00\",\"dateModified\":\"2017-03-29T11:46:19+00:00\",\"breadcrumb\":{\"@id\":\"https:\/\/qreport.com\/ca\/com-ho-fem\/#breadcrumb\"},\"inLanguage\":\"ca\",\"potentialAction\":[{\"@type\":\"ReadAction\",\"target\":[\"https:\/\/qreport.com\/ca\/com-ho-fem\/\"]}]},{\"@type\":\"BreadcrumbList\",\"@id\":\"https:\/\/qreport.com\/ca\/com-ho-fem\/#breadcrumb\",\"itemListElement\":[{\"@type\":\"ListItem\",\"position\":1,\"name\":\"Portada\",\"item\":\"https:\/\/qreport.com\/ca\/\"},{\"@type\":\"ListItem\",\"position\":2,\"name\":\"Com ho fem\"}]},{\"@type\":\"WebSite\",\"@id\":\"https:\/\/qreport.com\/#website\",\"url\":\"https:\/\/qreport.com\/\",\"name\":\"QReport\",\"description\":\"Servicio de informes radiol\u00f3gicos online\",\"potentialAction\":[{\"@type\":\"SearchAction\",\"target\":{\"@type\":\"EntryPoint\",\"urlTemplate\":\"https:\/\/qreport.com\/?s={search_term_string}\"},\"query-input\":{\"@type\":\"PropertyValueSpecification\",\"valueRequired\":true,\"valueName\":\"search_term_string\"}}],\"inLanguage\":\"ca\"}]}<\/script>\n<!-- \/ Yoast SEO plugin. -->","yoast_head_json":{"title":"Com ho fem - QReport","robots":{"index":"index","follow":"follow","max-snippet":"max-snippet:-1","max-image-preview":"max-image-preview:large","max-video-preview":"max-video-preview:-1"},"canonical":"https:\/\/qreport.com\/ca\/com-ho-fem\/","og_locale":"ca_ES","og_type":"article","og_title":"Com ho fem - QReport","og_description":"[mk_page_section bg_image=&#8221;https:\/\/qreport.com\/wp-content\/uploads\/como-lo-hacemos.jpg&#8221; bg_stretch=&#8221;true&#8221; video_color_mask=&#8221;#000000&#8243; min_height=&#8221;400&#8243; js_vertical_centered=&#8221;true&#8221; sidebar=&#8221;sidebar-1&#8243;][vc_column][vc_column_text] Com ho fem [\/vc_column_text][mk_divider style=&#8221;thin_solid&#8221; thin_single_color=&#8221;#ffcc33&#8243; margin_top=&#8221;10&#8243;][vc_row_inner][vc_column_inner width=&#8221;2\/3&#8243; offset=&#8221;vc_col-lg-offset-2 vc_col-md-offset-2 vc_col-sm-offset-2&#8243;][vc_column_text] Obtenir el servei de recollida de resultats QREPORT per al seu centre \u00e9s un proc\u00e9s simple. Li enviem el servidor necessari i l&#8217;assessorem per escollir les modalitats o sistema PACS. [\/vc_column_text][\/vc_column_inner][\/vc_row_inner][\/vc_column][\/mk_page_section][mk_page_section bg_color=&#8221;#f9f9f9&#8243; sidebar=&#8221;sidebar-1&#8243;][vc_column][vc_row_inner][vc_column_inner el_class=&#8221;quienes-somos&#8221;][vc_empty_space height=&#8221;80px&#8221;][vc_column_text] \u00bfQuin tipus [&hellip;]","og_url":"https:\/\/qreport.com\/ca\/com-ho-fem\/","og_site_name":"QReport","article_modified_time":"2017-03-29T11:46:19+00:00","twitter_card":"summary_large_image","twitter_misc":{"Temps estimat de lectura":"2 minuts"},"schema":{"@context":"https:\/\/schema.org","@graph":[{"@type":"WebPage","@id":"https:\/\/qreport.com\/ca\/com-ho-fem\/","url":"https:\/\/qreport.com\/ca\/com-ho-fem\/","name":"Com ho fem - QReport","isPartOf":{"@id":"https:\/\/qreport.com\/#website"},"datePublished":"2017-03-03T09:30:44+00:00","dateModified":"2017-03-29T11:46:19+00:00","breadcrumb":{"@id":"https:\/\/qreport.com\/ca\/com-ho-fem\/#breadcrumb"},"inLanguage":"ca","potentialAction":[{"@type":"ReadAction","target":["https:\/\/qreport.com\/ca\/com-ho-fem\/"]}]},{"@type":"BreadcrumbList","@id":"https:\/\/qreport.com\/ca\/com-ho-fem\/#breadcrumb","itemListElement":[{"@type":"ListItem","position":1,"name":"Portada","item":"https:\/\/qreport.com\/ca\/"},{"@type":"ListItem","position":2,"name":"Com ho fem"}]},{"@type":"WebSite","@id":"https:\/\/qreport.com\/#website","url":"https:\/\/qreport.com\/","name":"QReport","description":"Servicio de informes radiol\u00f3gicos online","potentialAction":[{"@type":"SearchAction","target":{"@type":"EntryPoint","urlTemplate":"https:\/\/qreport.com\/?s={search_term_string}"},"query-input":{"@type":"PropertyValueSpecification","valueRequired":true,"valueName":"search_term_string"}}],"inLanguage":"ca"}]}},"_links":{"self":[{"href":"https:\/\/qreport.com\/ca\/wp-json\/wp\/v2\/pages\/225","targetHints":{"allow":["GET"]}}],"collection":[{"href":"https:\/\/qreport.com\/ca\/wp-json\/wp\/v2\/pages"}],"about":[{"href":"https:\/\/qreport.com\/ca\/wp-json\/wp\/v2\/types\/page"}],"author":[{"embeddable":true,"href":"https:\/\/qreport.com\/ca\/wp-json\/wp\/v2\/users\/1"}],"replies":[{"embeddable":true,"href":"https:\/\/qreport.com\/ca\/wp-json\/wp\/v2\/comments?post=225"}],"version-history":[{"count":6,"href":"https:\/\/qreport.com\/ca\/wp-json\/wp\/v2\/pages\/225\/revisions"}],"predecessor-version":[{"id":276,"href":"https:\/\/qreport.com\/ca\/wp-json\/wp\/v2\/pages\/225\/revisions\/276"}],"wp:attachment":[{"href":"https:\/\/qreport.com\/ca\/wp-json\/wp\/v2\/media?parent=225"}],"curies":[{"name":"wp","href":"https:\/\/api.w.org\/{rel}","templated":true}]}}