{"id":234,"date":"2017-03-03T09:47:37","date_gmt":"2017-03-03T09:47:37","guid":{"rendered":"https:\/\/qreport.com\/ca\/?page_id=234"},"modified":"2017-03-03T09:49:17","modified_gmt":"2017-03-03T09:49:17","slug":"avis-legal","status":"publish","type":"page","link":"https:\/\/qreport.com\/ca\/avis-legal\/","title":{"rendered":"Av\u00eds Legal"},"content":{"rendered":"<div class=\"wpb-content-wrapper\">[mk_page_section padding_top=&#8221;0&#8243; padding_bottom=&#8221;0&#8243; sidebar=&#8221;sidebar-1&#8243;][vc_column][vc_empty_space height=&#8221;80px&#8221;][vc_row_inner][vc_column_inner width=&#8221;1\/6&#8243;][\/vc_column_inner][vc_column_inner width=&#8221;2\/3&#8243;][vc_column_text]\n<h1><strong>AV\u00cdS<\/strong><strong>\u00a0LEGAL<\/strong><\/h1>\n<p class=\"p1\">Versi\u00f3 publicada el 17 d&#8217;Abril del 2015.<\/p>\n<h2 class=\"p1\"><strong>1. \u00c0mbit d&#8217;aplicaci\u00f3<\/strong><\/h2>\n<p class=\"p1\"><strong>1.1.<\/strong>\u00a0Aquest Av\u00eds legal (en endavant, &#8220;l&#8217;Av\u00eds legal&#8221;) regeix l&#8217;acc\u00e9s i la utilitzaci\u00f3 del lloc web accessible a trav\u00e9s del nom de domini www.qreport.com i els seus subdominis (en endavant, &#8220;el Lloc Web&#8221;);<\/p>\n<p class=\"p1\"><strong>1.2.\u00a0<\/strong>El simple acc\u00e9s al Lloc Web atribueix a qui ho realitza la condici\u00f3 d&#8217;Usuari del lloc web (en endavant, &#8220;l&#8217;Usuari&#8221;) i implica l&#8217;acceptaci\u00f3 de tots els termes inclosos en aquest Av\u00eds legal.\u00a0En cas de no estar d&#8217;acord amb aquest Av\u00eds legal, l&#8217;Usuari ha d&#8217;abandonar immediatament el lloc web sense utilitzar-lo.<\/p>\n<p class=\"p1\"><strong>1.3.<\/strong>\u00a0Per mitj\u00e0 de l&#8217;acceptaci\u00f3 d&#8217;aquest Av\u00eds legal, l&#8217;Usuari manifesta:<\/p>\n<p class=\"p1\"><strong>a)<\/strong>\u00a0Que \u00e9s major d&#8217;edat i ha llegit, ent\u00e9n i compr\u00e8n el aqu\u00ed exposat;<\/p>\n<p class=\"p1\"><strong>b)<\/strong>\u00a0Que t\u00e9 capacitat suficient per utilitzar el Lloc Web i<\/p>\n<p class=\"p1\"><strong>c)<\/strong>\u00a0Que assumeix totes les obligacions aqu\u00ed disposades.<\/p>\n<p class=\"p1\"><strong>1.4.<\/strong>\u00a0Perqu\u00e8 un menor d&#8217;edat pugui accedir i utilitzar el Lloc Web cal que pr\u00e8viament obtingui el perm\u00eds expr\u00e9s dels seus pares, tutors o representants legals, que seran considerats a tots els efectes com a responsables de tots els actes realitzats pels menors al seu c\u00e0rrec .\u00a0Si us plau, si desitja autoritzar a un menor poseu-vos en contacte amb nosaltres.<\/p>\n<h2 class=\"p1\"><strong>2. Titular del lloc web<\/strong><\/h2>\n<p class=\"p1\"><strong>Titular:<\/strong>\u00a0IBERORAD 1895, SL (en endavant, &#8220;Qualitas Report&#8221;).<\/p>\n<p class=\"p1\"><strong>Domicili:\u00a0<\/strong>carrer Plat\u00f3, n\u00famero 6, 3r 3a, 08021 &#8211; Barcelona, Espanya.<\/p>\n<p class=\"p1\"><strong>NIF:<\/strong>\u00a0B-66285511<\/p>\n<p class=\"p1\"><strong>Dades registrals:<\/strong>\u00a0Registre Mercantil de Barcelona, tom 44.316, foli 215, full n\u00famero 462.570, inscripci\u00f3 1.<\/p>\n<p class=\"p1\"><strong>Correu electr\u00f2nic:<\/strong>\u00a0qreport@iberorad.com<\/p>\n<p class=\"p1\"><strong>Tel\u00e8fon:<\/strong>\u00a0902.008.818<\/p>\n<h2 class=\"p1\"><strong>3. Acc\u00e9s al Lloc Web<\/strong><\/h2>\n<p class=\"p1\"><strong>3.1.\u00a0<\/strong>El simple acc\u00e9s al Lloc Web \u00e9s gratu\u00eft per a l&#8217;Usuari, excepte pel que fa al cost de la connexi\u00f3 a trav\u00e9s de la xarxa de telecomunicacions subministrada pel prove\u00efdor d&#8217;acc\u00e9s contractat pel mateix.<\/p>\n<p class=\"p1\"><strong>3.2.<\/strong>\u00a0Correspon exclusivament a l&#8217;Usuari la correcta cust\u00f2dia dels elements personals (identificador, clau d&#8217;acc\u00e9s, etc.) que li permetin autenticar per a accedir a les \u00e0rees restringides del lloc web, aix\u00ed com a la informaci\u00f3 continguda en elles.\u00a0En cas de sospitar o tenir const\u00e0ncia que un tercer no autoritzat coneix aquests elements personals, l&#8217;Usuari ha de comunicar immediatament aquesta circumst\u00e0ncia a Qualitas Report.<\/p>\n<p class=\"p1\"><strong>3.3.\u00a0<\/strong>Qualsevol utilitzaci\u00f3 del Lloc Web realitzada sota els elements personals d&#8217;un usuari es considera realitzada a tots els efectes per aquest Usuari.<\/p>\n<h2 class=\"p1\"><strong>4. Normes d&#8217;utilitzaci\u00f3 del lloc web<\/strong><\/h2>\n<p class=\"p1\"><strong>4.1.<\/strong>\u00a0L&#8217;Usuari s&#8217;obliga a utilitzar el Lloc Web d&#8217;acord amb el que estableix la llei, la moral, l&#8217;ordre p\u00fablic i el present Av\u00eds legal, no emprant-ho per realitzar activitats il\u00b7l\u00edcites o constitutives de delicte que atemptin contra els drets de tercers i \/ o que infringeixin qualsevol norma de l&#8217;ordenament jur\u00eddic aplicable.\u00a0En aquest sentit, l&#8217;Usuari es compromet a:<\/p>\n<p class=\"p1\"><strong>a)<\/strong>\u00a0No introduir o difondre continguts o propaganda de car\u00e0cter racista, xen\u00f2fob, pornogr\u00e0fic, d&#8217;apologia del terrorisme o que atemptin contra els drets humans.<\/p>\n<p class=\"p1\"><strong>b)\u00a0<\/strong>No introduir o difondre a la xarxa programes de dades (virus i programari nociu) susceptibles de provocar danys en els sistemes inform\u00e0tics del prove\u00efdor d&#8217;acc\u00e9s, els seus prove\u00efdors o tercers Usuaris de la xarxa Internet.<\/p>\n<p class=\"p1\"><strong>c)<\/strong>\u00a0No difondre, transmetre o posar a disposici\u00f3 de tercers qualsevol tipus d&#8217;informaci\u00f3, element o contingut que atempti contra els drets fonamentals i les llibertats p\u00fabliques reconeguts constitucionalment i en els tractats internacionals.<\/p>\n<p class=\"p1\"><strong>d)<\/strong>\u00a0No difondre, transmetre o posar a disposici\u00f3 de tercers qualsevol tipus d&#8217;informaci\u00f3, element o contingut que constitueixi publicitat il\u00b7l\u00edcita o deslleial.<\/p>\n<p class=\"p1\"><strong>e)<\/strong>\u00a0No transmetre publicitat no sol\u00b7licitada o autoritzada, material publicitari, &#8220;correu brossa&#8221;, &#8220;cartes en cadena&#8221;, &#8220;estructures piramidals&#8221;, o qualsevol altra forma de sol \u00b7 licitaci\u00f3, excepte en aquelles \u00e0rees (tals com espais comercials del lloc web) que hagin estat exclusivament concebudes per a aix\u00f2.<\/p>\n<p class=\"p1\"><strong>f)<\/strong>\u00a0No introduir o difondre qualsevol informaci\u00f3 i continguts falsos, ambigus o inexactes de manera que indueixi a error als receptors de la informaci\u00f3.<\/p>\n<p class=\"p1\"><strong>g)<\/strong>\u00a0No suplantar altres Usuaris del Lloc Web.<\/p>\n<p class=\"p1\"><strong>h)<\/strong>\u00a0No difondre, transmetre o posar a disposici\u00f3 de tercers qualsevol tipus d&#8217;informaci\u00f3, element o contingut que suposi una violaci\u00f3 dels drets de propietat intel\u00b7lectual i industrial, patents, marques o copyright que corresponguin al titular del lloc web oa tercers.<\/p>\n<p class=\"p1\"><strong>i)<\/strong>\u00a0No difondre, transmetre o posar a disposici\u00f3 de tercers qualsevol tipus d&#8217;informaci\u00f3, element o contingut que suposi una violaci\u00f3 del secret de les comunicacions i la legislaci\u00f3 de dades de car\u00e0cter personal.<\/p>\n<p class=\"p1\"><strong>4.2.<\/strong>\u00a0L&#8217;Usuari s&#8217;obliga a mantenir indemne a Qualitas Report davant de qualsevol possible reclamaci\u00f3, multa, pena o sanci\u00f3 que pugui venir obligada a suportar com a conseq\u00fc\u00e8ncia de l&#8217;incompliment per part de l&#8217;Usuari de qualsevol de les normes d&#8217;utilitzaci\u00f3 abans indicades, reservant, a m\u00e9s Qualitas Report el dret a sol\u00b7licitar la indemnitzaci\u00f3 per danys i perjudicis que correspongui.<\/p>\n<h2 class=\"p1\"><strong>5. Continguts i serveis enlla\u00e7ats a trav\u00e9s del Lloc Web<\/strong><\/h2>\n<p class=\"p1\"><strong>5.1.\u00a0<\/strong>El lloc web pot contenir dispositius t\u00e8cnics d&#8217;enlla\u00e7, directoris i fins i tot instruments de recerca que permetin a l&#8217;Usuari accedir a altres p\u00e0gines i portals d&#8217;Internet (en endavant, &#8220;Llocs enlla\u00e7ats&#8221;).\u00a0En aquests casos, Qualitas Report nom\u00e9s ser\u00e0 responsable dels continguts i serveis subministrats als Llocs Enlla\u00e7ats en la mesura que tingui coneixement efectiu de la seva il\u00b7licitud i no hagi desactivat l&#8217;enlla\u00e7 als mateixos amb la dilig\u00e8ncia deguda.\u00a0En el sup\u00f2sit que l&#8217;Usuari consideri que existeix un Lloc Enlla\u00e7at amb continguts il\u00b7l\u00edcits o inadequats podr\u00e0 comunicar-ho a Qualitas Report, sense que en cap cas aquesta comunicaci\u00f3 comporti per a Qualitas Report l&#8217;obligaci\u00f3 de retirar el corresponent enlla\u00e7.<\/p>\n<p class=\"p1\"><strong>5.2.<\/strong>\u00a0En cap cas l&#8217;exist\u00e8ncia de Llocs Enlla\u00e7ats ha de pressuposar la formalitzaci\u00f3 d&#8217;acords entre Qualitas Report i els responsables o titulars dels mateixos, aix\u00ed com tampoc la recomanaci\u00f3 o promoci\u00f3 dels llocs enlla\u00e7ats i \/ o els seus continguts per part de Qualitas Report.<\/p>\n<p class=\"p1\"><strong>5.3.\u00a0<\/strong>Llevat que s&#8217;indiqui expressament el contrari en el Lloc Web, Qualitas Report no coneix els continguts i serveis dels Llocs Enlla\u00e7ats i, per tant, no es fa responsable pels danys que el seu il \u00b7 licitud, qualitat, desactualitzaci\u00f3, indisponibilitat, error i inutilitat puguin produir als usuaris oa qualsevol tercer.<\/p>\n<h2 class=\"p1\"><strong>6. Propietat intel\u00b7lectual i industrial<\/strong><\/h2>\n<p class=\"p1\"><strong>6.1.<\/strong>\u00a0Tots els continguts del lloc web, entenent per aquests a t\u00edtol merament enunciatiu els textos, fotografies, gr\u00e0fics, imatges, icones, tecnologia, programari, links i altres continguts audiovisuals o sonors, aix\u00ed com el seu disseny gr\u00e0fic i codis font, s\u00f3n propietat intel\u00b7lectual de Qualitas Report o de tercers, sense que puguin entendre cedits a l&#8217;Usuari cap dels drets d&#8217;explotaci\u00f3 reconeguts per la normativa vigent en mat\u00e8ria de propietat intel\u00b7lectual sobre els mateixos.<\/p>\n<p class=\"p1\"><strong>6.2.<\/strong>\u00a0La titularitat dels informes i imatges m\u00e8diques accessibles a les \u00e0rees restringides del lloc web correspon en tot cas als centres m\u00e8dics que les han realitzat i \/ o, si escau, l&#8217;Usuari destinatari de les mateixes.<\/p>\n<p class=\"p1\"><strong>6.3.<\/strong>\u00a0Les marques, noms comercials o signes distintius publicats al lloc web s\u00f3n titularitat de Qualitas Report o de tercers, sense que pugui entendre cedit a l&#8217;Usuari cap dret sobre els mateixos.<\/p>\n<p class=\"p1\"><strong>6.4.\u00a0<\/strong>Es prohibeix copiar, modificar, descompilar o intentar extreure el codi font de tot o part del Lloc Web, ja sigui total o parcialment, aix\u00ed com crear obres derivades o realitzar enginyeria inversa en el mateix.<\/p>\n<h2 class=\"p1\"><strong>7. Protecci\u00f3 de dades personals<\/strong><\/h2>\n<p class=\"p1\"><strong>7.1.\u00a0<\/strong>L&#8217;\u00e0mbit d&#8217;aplicaci\u00f3 d&#8217;aquest Av\u00eds legal est\u00e0 igualment subjecte a la Pol\u00edtica de privacitat i galetes del f\u00f2rum web, la qual l&#8217;Usuari declara con\u00e8ixer i acceptar.<\/p>\n<h2 class=\"p1\"><strong>8. Suport<\/strong><\/h2>\n<p class=\"p1\"><strong>8.1.\u00a0<\/strong>En cas de dubte sobre el funcionament del lloc web, l&#8217;Usuari pot dirigir-se per escrit a Qualitas Report enviant un correu electr\u00f2nic a qreport@iberorad.com, o b\u00e9 trucant al n\u00famero 902.008.818.<\/p>\n<h2 class=\"p1\"><strong>9. Limitaci\u00f3 de responsabilitat<\/strong><\/h2>\n<p class=\"p1\"><strong>9.1.\u00a0<\/strong>Qualitas Report nom\u00e9s respondr\u00e0 enfront de l&#8217;Usuari pels danys i perjudicis que li causi per dol demostrat.\u00a0En la resta dels casos, Qualitas Report (inclosos els seus administradors, directius, empleats i socis) no assumir\u00e0 cap responsabilitat enfront de l&#8217;Usuari per qualsevol tipus de reclamaci\u00f3 que es derivi de l&#8217;\u00fas del lloc web.\u00a0De forma espec\u00edfica per\u00f2 no limitadora, Qualitas Report no ser\u00e0 responsable enfront de l&#8217;Usuari per danys indirectes;\u00a0danys immaterials;\u00a0lucre cessant;\u00a0p\u00e8rdua d&#8217;ingressos, beneficis o fons de comer\u00e7 i p\u00e8rdua de dades i \/ o \u00fas, encara que hagi estat avisada de la possibilitat que es produeixin aquests danys.<\/p>\n<p class=\"p1\"><strong>9.3.<\/strong>\u00a0Qualitas Report no assumeix cap responsabilitat per les comunicacions electr\u00f2niques que un usuari envia utilitzant les funcionalitats del lloc web, aix\u00ed com per qualsevol conseq\u00fc\u00e8ncia que pugui patir l&#8217;Usuari per utilitzar el Lloc Web.<\/p>\n<p class=\"p1\"><strong>9.4.<\/strong>\u00a0Qualitas Report no assumeix cap responsabilitat per la falta o interrupci\u00f3 d&#8217;acc\u00e9s al lloc web deguda a la caiguda o no funcionament de les xarxes de telecomunicacions;\u00a0el servei prestat per qualsevol tercer o qualsevol altra causa que no li sigui directament imputable.<\/p>\n<p class=\"p1\"><strong>9.5.<\/strong>\u00a0Qualitas Report es reserva el dret a modificar o eliminar tots o algun dels elements o funcionalitats del lloc web en qualsevol moment, aix\u00ed com a restringir o anul\u00b7lar l&#8217;acc\u00e9s al Lloc Web de qualsevol usuari.<\/p>\n<h2 class=\"p1\"><strong>10. Nul\u00b7litat i inefic\u00e0cia de les cl\u00e0usules<\/strong><\/h2>\n<p class=\"p1\"><strong>10.1.\u00a0<\/strong>Si qualsevol cl\u00e0usula inclosa en aquest Av\u00eds legal fos declarada total o parcialment, nul\u00b7la o inefica\u00e7, aquesta nul\u00b7litat o inefic\u00e0cia nom\u00e9s afectar\u00e0 a aquesta disposici\u00f3 oa la part de la mateixa que resulti nul\u00b7la o inefica\u00e7, subsistint aquest Av\u00eds legal en tota la resta i considerant-se tal disposici\u00f3 total o parcialment per no inclosa.<\/p>\n<h2 class=\"p1\"><strong>11. Legislaci\u00f3 aplicable<\/strong><\/h2>\n<p class=\"p1\"><strong>11.1.<\/strong>\u00a0Aquest Av\u00eds Legal es regir\u00e0 i interpretar\u00e0 d&#8217;acord amb la legislaci\u00f3 espanyola.<\/p>\n<p class=\"p1\"><strong>11.2.\u00a0<\/strong>En tot cas, l&#8217;acceptaci\u00f3 d&#8217;aquest Av\u00eds legal s&#8217;ha d&#8217;entendre celebrada al lloc en qu\u00e8 est\u00e0 establert Qualitas Report.<\/p>\n<h2 class=\"p1\"><strong>12. Jurisdicci\u00f3 competent<\/strong><\/h2>\n<p class=\"p1\"><strong>12.1.<\/strong>\u00a0L&#8217;Usuari i Qualitas Report, amb ren\u00fancia expressa a qualsevol fur que conforme a dret pogu\u00e9s correspondre, acorden sotmetre qualsevol litigi derivat de l&#8217;acc\u00e9s i \/ o utilitzaci\u00f3 del lloc web a la jurisdicci\u00f3 dels jutjats i tribunals de la ciutat de Barcelona, Espanya, llevat que la llei estableixi for\u00e7osament una altra cosa.<\/p>\n[\/vc_column_text][\/vc_column_inner][vc_column_inner width=&#8221;1\/6&#8243;][\/vc_column_inner][\/vc_row_inner][\/vc_column][\/mk_page_section]\n<\/div>","protected":false},"excerpt":{"rendered":"<p>[mk_page_section padding_top=&#8221;0&#8243; padding_bottom=&#8221;0&#8243; sidebar=&#8221;sidebar-1&#8243;][vc_column][vc_empty_space height=&#8221;80px&#8221;][vc_row_inner][vc_column_inner width=&#8221;1\/6&#8243;][\/vc_column_inner][vc_column_inner width=&#8221;2\/3&#8243;][vc_column_text] AV\u00cdS\u00a0LEGAL Versi\u00f3 publicada el 17 d&#8217;Abril del 2015. 1. \u00c0mbit d&#8217;aplicaci\u00f3 1.1.\u00a0Aquest Av\u00eds legal (en endavant, &#8220;l&#8217;Av\u00eds legal&#8221;) regeix l&#8217;acc\u00e9s i la utilitzaci\u00f3 del lloc web accessible a trav\u00e9s del nom de domini www.qreport.com i els seus subdominis (en endavant, &#8220;el Lloc Web&#8221;); 1.2.\u00a0El simple acc\u00e9s al Lloc [&hellip;]<\/p>\n","protected":false},"author":1,"featured_media":0,"parent":0,"menu_order":0,"comment_status":"closed","ping_status":"closed","template":"","meta":{"footnotes":""},"class_list":["post-234","page","type-page","status-publish","hentry"],"yoast_head":"<!-- This site is optimized with the Yoast SEO plugin v24.1 - https:\/\/yoast.com\/wordpress\/plugins\/seo\/ -->\n<title>Av\u00eds Legal - QReport<\/title>\n<meta name=\"robots\" content=\"index, follow, max-snippet:-1, max-image-preview:large, max-video-preview:-1\" \/>\n<link rel=\"canonical\" href=\"https:\/\/qreport.com\/ca\/avis-legal\/\" \/>\n<meta property=\"og:locale\" content=\"ca_ES\" \/>\n<meta property=\"og:type\" content=\"article\" \/>\n<meta property=\"og:title\" content=\"Av\u00eds Legal - QReport\" \/>\n<meta property=\"og:description\" content=\"[mk_page_section padding_top=&#8221;0&#8243; padding_bottom=&#8221;0&#8243; sidebar=&#8221;sidebar-1&#8243;][vc_column][vc_empty_space height=&#8221;80px&#8221;][vc_row_inner][vc_column_inner width=&#8221;1\/6&#8243;][\/vc_column_inner][vc_column_inner width=&#8221;2\/3&#8243;][vc_column_text] AV\u00cdS\u00a0LEGAL Versi\u00f3 publicada el 17 d&#8217;Abril del 2015. 1. \u00c0mbit d&#8217;aplicaci\u00f3 1.1.\u00a0Aquest Av\u00eds legal (en endavant, &#8220;l&#8217;Av\u00eds legal&#8221;) regeix l&#8217;acc\u00e9s i la utilitzaci\u00f3 del lloc web accessible a trav\u00e9s del nom de domini www.qreport.com i els seus subdominis (en endavant, &#8220;el Lloc Web&#8221;); 1.2.\u00a0El simple acc\u00e9s al Lloc [&hellip;]\" \/>\n<meta property=\"og:url\" content=\"https:\/\/qreport.com\/ca\/avis-legal\/\" \/>\n<meta property=\"og:site_name\" content=\"QReport\" \/>\n<meta property=\"article:modified_time\" content=\"2017-03-03T09:49:17+00:00\" \/>\n<meta name=\"twitter:card\" content=\"summary_large_image\" \/>\n<meta name=\"twitter:label1\" content=\"Temps estimat de lectura\" \/>\n\t<meta name=\"twitter:data1\" content=\"9 minuts\" \/>\n<script type=\"application\/ld+json\" class=\"yoast-schema-graph\">{\"@context\":\"https:\/\/schema.org\",\"@graph\":[{\"@type\":\"WebPage\",\"@id\":\"https:\/\/qreport.com\/ca\/avis-legal\/\",\"url\":\"https:\/\/qreport.com\/ca\/avis-legal\/\",\"name\":\"Av\u00eds Legal - QReport\",\"isPartOf\":{\"@id\":\"https:\/\/qreport.com\/#website\"},\"datePublished\":\"2017-03-03T09:47:37+00:00\",\"dateModified\":\"2017-03-03T09:49:17+00:00\",\"breadcrumb\":{\"@id\":\"https:\/\/qreport.com\/ca\/avis-legal\/#breadcrumb\"},\"inLanguage\":\"ca\",\"potentialAction\":[{\"@type\":\"ReadAction\",\"target\":[\"https:\/\/qreport.com\/ca\/avis-legal\/\"]}]},{\"@type\":\"BreadcrumbList\",\"@id\":\"https:\/\/qreport.com\/ca\/avis-legal\/#breadcrumb\",\"itemListElement\":[{\"@type\":\"ListItem\",\"position\":1,\"name\":\"Portada\",\"item\":\"https:\/\/qreport.com\/ca\/\"},{\"@type\":\"ListItem\",\"position\":2,\"name\":\"Av\u00eds Legal\"}]},{\"@type\":\"WebSite\",\"@id\":\"https:\/\/qreport.com\/#website\",\"url\":\"https:\/\/qreport.com\/\",\"name\":\"QReport\",\"description\":\"Servicio de informes radiol\u00f3gicos online\",\"potentialAction\":[{\"@type\":\"SearchAction\",\"target\":{\"@type\":\"EntryPoint\",\"urlTemplate\":\"https:\/\/qreport.com\/?s={search_term_string}\"},\"query-input\":{\"@type\":\"PropertyValueSpecification\",\"valueRequired\":true,\"valueName\":\"search_term_string\"}}],\"inLanguage\":\"ca\"}]}<\/script>\n<!-- \/ Yoast SEO plugin. -->","yoast_head_json":{"title":"Av\u00eds Legal - QReport","robots":{"index":"index","follow":"follow","max-snippet":"max-snippet:-1","max-image-preview":"max-image-preview:large","max-video-preview":"max-video-preview:-1"},"canonical":"https:\/\/qreport.com\/ca\/avis-legal\/","og_locale":"ca_ES","og_type":"article","og_title":"Av\u00eds Legal - QReport","og_description":"[mk_page_section padding_top=&#8221;0&#8243; padding_bottom=&#8221;0&#8243; sidebar=&#8221;sidebar-1&#8243;][vc_column][vc_empty_space height=&#8221;80px&#8221;][vc_row_inner][vc_column_inner width=&#8221;1\/6&#8243;][\/vc_column_inner][vc_column_inner width=&#8221;2\/3&#8243;][vc_column_text] AV\u00cdS\u00a0LEGAL Versi\u00f3 publicada el 17 d&#8217;Abril del 2015. 1. \u00c0mbit d&#8217;aplicaci\u00f3 1.1.\u00a0Aquest Av\u00eds legal (en endavant, &#8220;l&#8217;Av\u00eds legal&#8221;) regeix l&#8217;acc\u00e9s i la utilitzaci\u00f3 del lloc web accessible a trav\u00e9s del nom de domini www.qreport.com i els seus subdominis (en endavant, &#8220;el Lloc Web&#8221;); 1.2.\u00a0El simple acc\u00e9s al Lloc [&hellip;]","og_url":"https:\/\/qreport.com\/ca\/avis-legal\/","og_site_name":"QReport","article_modified_time":"2017-03-03T09:49:17+00:00","twitter_card":"summary_large_image","twitter_misc":{"Temps estimat de lectura":"9 minuts"},"schema":{"@context":"https:\/\/schema.org","@graph":[{"@type":"WebPage","@id":"https:\/\/qreport.com\/ca\/avis-legal\/","url":"https:\/\/qreport.com\/ca\/avis-legal\/","name":"Av\u00eds Legal - QReport","isPartOf":{"@id":"https:\/\/qreport.com\/#website"},"datePublished":"2017-03-03T09:47:37+00:00","dateModified":"2017-03-03T09:49:17+00:00","breadcrumb":{"@id":"https:\/\/qreport.com\/ca\/avis-legal\/#breadcrumb"},"inLanguage":"ca","potentialAction":[{"@type":"ReadAction","target":["https:\/\/qreport.com\/ca\/avis-legal\/"]}]},{"@type":"BreadcrumbList","@id":"https:\/\/qreport.com\/ca\/avis-legal\/#breadcrumb","itemListElement":[{"@type":"ListItem","position":1,"name":"Portada","item":"https:\/\/qreport.com\/ca\/"},{"@type":"ListItem","position":2,"name":"Av\u00eds Legal"}]},{"@type":"WebSite","@id":"https:\/\/qreport.com\/#website","url":"https:\/\/qreport.com\/","name":"QReport","description":"Servicio de informes radiol\u00f3gicos online","potentialAction":[{"@type":"SearchAction","target":{"@type":"EntryPoint","urlTemplate":"https:\/\/qreport.com\/?s={search_term_string}"},"query-input":{"@type":"PropertyValueSpecification","valueRequired":true,"valueName":"search_term_string"}}],"inLanguage":"ca"}]}},"_links":{"self":[{"href":"https:\/\/qreport.com\/ca\/wp-json\/wp\/v2\/pages\/234","targetHints":{"allow":["GET"]}}],"collection":[{"href":"https:\/\/qreport.com\/ca\/wp-json\/wp\/v2\/pages"}],"about":[{"href":"https:\/\/qreport.com\/ca\/wp-json\/wp\/v2\/types\/page"}],"author":[{"embeddable":true,"href":"https:\/\/qreport.com\/ca\/wp-json\/wp\/v2\/users\/1"}],"replies":[{"embeddable":true,"href":"https:\/\/qreport.com\/ca\/wp-json\/wp\/v2\/comments?post=234"}],"version-history":[{"count":3,"href":"https:\/\/qreport.com\/ca\/wp-json\/wp\/v2\/pages\/234\/revisions"}],"predecessor-version":[{"id":237,"href":"https:\/\/qreport.com\/ca\/wp-json\/wp\/v2\/pages\/234\/revisions\/237"}],"wp:attachment":[{"href":"https:\/\/qreport.com\/ca\/wp-json\/wp\/v2\/media?parent=234"}],"curies":[{"name":"wp","href":"https:\/\/api.w.org\/{rel}","templated":true}]}}